{"id":237030,"date":"2021-03-21T13:33:16","date_gmt":"2021-03-21T12:33:16","guid":{"rendered":"https:\/\/www.db-bled-apartments.si\/book-now\/"},"modified":"2024-07-12T16:05:12","modified_gmt":"2024-07-12T14:05:12","slug":"rezervacija","status":"publish","type":"page","link":"https:\/\/www.db-bled-apartments.si\/sl\/rezervacija\/","title":{"rendered":"REZERVACIJA"},"content":{"rendered":"<p>[et_pb_section fb_built=&#8221;1&#8243; admin_label=&#8221;Header&#8221; _builder_version=&#8221;4.16&#8243; use_background_color_gradient=&#8221;on&#8221; background_color_gradient_type=&#8221;circular&#8221; background_color_gradient_direction_radial=&#8221;top left&#8221; background_color_gradient_stops=&#8221;rgba(40,40,40,0.87) 30%|rgba(40,40,40,0.46) 80%&#8221; background_color_gradient_overlays_image=&#8221;on&#8221; background_color_gradient_start=&#8221;rgba(40,40,40,0.87)&#8221; background_color_gradient_start_position=&#8221;30%&#8221; background_color_gradient_end=&#8221;rgba(40,40,40,0.46)&#8221; background_color_gradient_end_position=&#8221;80%&#8221; background_image=&#8221;https:\/\/www.db-bled-apartments.si\/wp-content\/uploads\/2020\/07\/DB-BLED-APARTMENT-bg-1920-1080.jpg&#8221; custom_margin=&#8221;|||&#8221; custom_padding=&#8221;13vw||13vw||true|&#8221; global_colors_info=&#8221;{}&#8221;][et_pb_row _builder_version=&#8221;4.16&#8243; global_colors_info=&#8221;{}&#8221;][et_pb_column type=&#8221;4_4&#8243; _builder_version=&#8221;4.16&#8243; custom_padding=&#8221;|||&#8221; global_colors_info=&#8221;{}&#8221; custom_padding__hover=&#8221;|||&#8221;][et_pb_image src=&#8221;https:\/\/www.db-bled-apartments.si\/wp-content\/uploads\/2020\/07\/db-apartments-bled-120-120-web.png&#8221; title_text=&#8221;db apartments bled 120 120 web&#8221; _builder_version=&#8221;4.16&#8243; _module_preset=&#8221;default&#8221; animation_style=&#8221;slide&#8221; animation_duration=&#8221;2000ms&#8221; global_colors_info=&#8221;{}&#8221;][\/et_pb_image][et_pb_text admin_label=&#8221;DB BLED APARTMENT&#8221; _builder_version=&#8221;4.16&#8243; text_font=&#8221;|300|||||||&#8221; header_font=&#8221;|300|||||||&#8221; header_text_color=&#8221;#ffffff&#8221; header_font_size=&#8221;80px&#8221; header_line_height=&#8221;1.2em&#8221; header_5_font=&#8221;|300||on|||||&#8221; header_5_text_color=&#8221;#ffffff&#8221; header_5_font_size=&#8221;20px&#8221; header_5_letter_spacing=&#8221;0.5em&#8221; header_5_line_height=&#8221;1.8em&#8221; animation_style=&#8221;zoom&#8221; animation_intensity_zoom=&#8221;5%&#8221; header_font_size_tablet=&#8221;48px&#8221; header_font_size_phone=&#8221;32px&#8221; header_font_size_last_edited=&#8221;on|phone&#8221; header_5_font_size_tablet=&#8221;14px&#8221; header_5_font_size_phone=&#8221;12px&#8221; header_5_font_size_last_edited=&#8221;on|desktop&#8221; global_colors_info=&#8221;{}&#8221;]<\/p>\n<h5> Apartmaji DB Bled <\/h5>\n<h1> REZERVACIJA <\/h1>\n<p>[\/et_pb_text][\/et_pb_column][\/et_pb_row][\/et_pb_section][et_pb_section fb_built=&#8221;1&#8243; _builder_version=&#8221;4.16&#8243; _module_preset=&#8221;default&#8221; custom_padding=&#8221;0px||0px|||&#8221; global_colors_info=&#8221;{}&#8221;][et_pb_row custom_padding_last_edited=&#8221;on|desktop&#8221; _builder_version=&#8221;4.16&#8243; min_height=&#8221;100px&#8221; custom_padding=&#8221;51px|100px|27px|100px|false|false&#8221; custom_padding_tablet=&#8221;|0px||0px||true&#8221; custom_padding_phone=&#8221;&#8221; global_colors_info=&#8221;{}&#8221;][et_pb_column type=&#8221;4_4&#8243; _builder_version=&#8221;4.16&#8243; custom_padding=&#8221;|||&#8221; global_colors_info=&#8221;{}&#8221; custom_padding__hover=&#8221;|||&#8221;][et_pb_text _builder_version=&#8221;4.16&#8243; text_font=&#8221;Roboto|300|||||||&#8221; text_text_color=&#8221;#464646&#8243; header_text_color=&#8221;#d3af5f&#8221; header_2_text_color=&#8221;#d3af5f&#8221; header_2_font_size=&#8221;32px&#8221; header_3_text_color=&#8221;#d3af5f&#8221; header_2_font_size_tablet=&#8221;26px&#8221; header_2_font_size_phone=&#8221;&#8221; header_2_font_size_last_edited=&#8221;on|phone&#8221; global_colors_info=&#8221;{}&#8221;]<\/p>\n<h2 style=\"text-align: center;\">Rezervacija<\/h2>\n<p style=\"text-align: center;\">Apartma DB Bled obi\u010dajno ni na voljo. Rezervirajte kmalu, preden se proda!<\/p>\n<p>[\/et_pb_text][\/et_pb_column][\/et_pb_row][et_pb_row column_structure=&#8221;1_2,1_2&#8243; custom_padding_last_edited=&#8221;on|phone&#8221; _builder_version=&#8221;4.16&#8243; _module_preset=&#8221;default&#8221; custom_padding=&#8221;40px||40px||true|false&#8221; custom_padding_tablet=&#8221;20px||20px||true|false&#8221; custom_padding_phone=&#8221;&#8221; global_colors_info=&#8221;{}&#8221;][et_pb_column type=&#8221;1_2&#8243; _builder_version=&#8221;4.16&#8243; _module_preset=&#8221;default&#8221; global_colors_info=&#8221;{}&#8221;][et_pb_code _builder_version=&#8221;4.16&#8243; _module_preset=&#8221;default&#8221; global_colors_info=&#8221;{}&#8221;]<script src=\"\/\/www.bentral.com\/service\/embed\/booking.js?id=5f6a41784e775f4d&#038;width=full&#038;header-bg=ffffff&#038;header-color=000000&#038;header2-bg=ffffff&#038;header2-color=333333&#038;table-bg=fcfcfc&#038;table-color=000000&#038;btn-bg=ffffff&#038;btn-color=121212&#038;border-color=dddddd&#038;poweredby=0&#038;lang=sl&#038;key=6ffe05ee723a77fa624f101a14e7a774\"><\/script>[\/et_pb_code][\/et_pb_column][et_pb_column type=&#8221;1_2&#8243; _builder_version=&#8221;4.16&#8243; _module_preset=&#8221;default&#8221; global_colors_info=&#8221;{}&#8221;][et_pb_code _builder_version=&#8221;4.16&#8243; _module_preset=&#8221;default&#8221; global_colors_info=&#8221;{}&#8221;]<script src=\"\/\/www.bentral.com\/service\/embed\/price-list.js?id=5f6a41784e775f4d&#038;width=full&#038;header-bg=ffffff&#038;header-color=000000&#038;header2-bg=ffffff&#038;header2-color=333333&#038;table-bg=fcfcfc&#038;table-color=000000&#038;border-color=dddddd&#038;poweredby=0&#038;lang=sl&#038;key=6ffe05ee723a77fa624f101a14e7a774\"><\/script>[\/et_pb_code][et_pb_text admin_label=&#8221;Pomembne informacije&#8221; _builder_version=&#8221;4.16&#8243; text_font=&#8221;|300|||||||&#8221; text_text_color=&#8221;#464646&#8243; header_text_color=&#8221;#d3af5f&#8221; header_2_text_color=&#8221;#d3af5f&#8221; header_2_font_size=&#8221;32px&#8221; header_3_text_color=&#8221;#d3af5f&#8221; custom_margin=&#8221;||0px||false|false&#8221; custom_padding=&#8221;||0px|||&#8221; header_2_font_size_tablet=&#8221;26px&#8221; header_2_font_size_phone=&#8221;&#8221; header_2_font_size_last_edited=&#8221;on|phone&#8221; global_colors_info=&#8221;{}&#8221;]<\/p>\n<h2 style = \"text-align: left;\"> Pomembne informacije <\/h3>\n<ul>\n<li> <strong> Prijava: <\/strong> 14:00 &#8211; 20:00 <\/li>\n<li> <strong> Odjava: <\/strong> 06:00 &#8211; 10:30 <\/li>\n<\/ul>\n<p>[\/et_pb_text][et_pb_text admin_label=&#8221;Pomembne informacije&#8221; _builder_version=&#8221;4.16&#8243; text_font=&#8221;|300|||||||&#8221; text_text_color=&#8221;#464646&#8243; header_text_color=&#8221;#d3af5f&#8221; header_2_text_color=&#8221;#d3af5f&#8221; header_2_font_size=&#8221;32px&#8221; header_3_text_color=&#8221;#d3af5f&#8221; custom_margin=&#8221;||0px||false|false&#8221; custom_padding=&#8221;||0px|||&#8221; header_2_font_size_tablet=&#8221;26px&#8221; header_2_font_size_phone=&#8221;&#8221; header_2_font_size_last_edited=&#8221;on|phone&#8221; global_colors_info=&#8221;{}&#8221;]<\/p>\n<h3 style = \"text-align: left;\"> Starostna omejitev <\/h3>\n<ul>\n<li> Najni\u017eja starost za prijavo je 18 <\/li>\n<p>[\/et_pb_text][et_pb_text admin_label=&#8221;Pomembne informacije&#8221; _builder_version=&#8221;4.16&#8243; text_font=&#8221;|300|||||||&#8221; text_text_color=&#8221;#464646&#8243; header_text_color=&#8221;#d3af5f&#8221; header_2_text_color=&#8221;#d3af5f&#8221; header_2_font_size=&#8221;32px&#8221; header_3_text_color=&#8221;#d3af5f&#8221; custom_margin=&#8221;||0px||false|false&#8221; custom_padding=&#8221;||0px|||&#8221; header_2_font_size_tablet=&#8221;26px&#8221; header_2_font_size_phone=&#8221;&#8221; header_2_font_size_last_edited=&#8221;on|phone&#8221; global_colors_info=&#8221;{}&#8221;]<\/p>\n<h3 style = \"text-align: left;\"> Otro\u0161ki pravilniki <\/h3>\n<ul>\n<li> Otroci, starej\u0161i od 10 let, so dobrodo\u0161li. <\/li>\n<li> V tej nastanitvi ni otro\u0161kih posteljic. <\/li>\n<li> Dodatna le\u017ei\u0161\u010da v tej nastanitvi niso na voljo. <\/li>\n<p>[\/et_pb_text][et_pb_text admin_label=&#8221;Pomembne informacije&#8221; _builder_version=&#8221;4.16&#8243; text_font=&#8221;|300|||||||&#8221; text_text_color=&#8221;#464646&#8243; header_text_color=&#8221;#d3af5f&#8221; header_2_text_color=&#8221;#d3af5f&#8221; header_2_font_size=&#8221;32px&#8221; header_3_text_color=&#8221;#d3af5f&#8221; custom_margin=&#8221;||0px||false|false&#8221; custom_padding=&#8221;||0px|||&#8221; header_2_font_size_tablet=&#8221;26px&#8221; header_2_font_size_phone=&#8221;&#8221; header_2_font_size_last_edited=&#8221;on|phone&#8221; global_colors_info=&#8221;{}&#8221;]<\/p>\n<h3 style = \"text-align: left;\"> Kajenje <\/h3>\n<ul>\n<li> Kajenje ni dovoljeno. <\/li>\n<p>[\/et_pb_text][et_pb_text admin_label=&#8221;Pomembne informacije&#8221; _builder_version=&#8221;4.16&#8243; text_font=&#8221;|300|||||||&#8221; text_text_color=&#8221;#464646&#8243; header_text_color=&#8221;#d3af5f&#8221; header_2_text_color=&#8221;#d3af5f&#8221; header_2_font_size=&#8221;32px&#8221; header_3_text_color=&#8221;#d3af5f&#8221; custom_margin=&#8221;||0px||false|false&#8221; custom_padding=&#8221;||0px|||&#8221; header_2_font_size_tablet=&#8221;26px&#8221; header_2_font_size_phone=&#8221;&#8221; header_2_font_size_last_edited=&#8221;on|phone&#8221; global_colors_info=&#8221;{}&#8221;]<\/p>\n<h3 style = \"text-align: left;\"> Zabave <\/h3>\n<ul>\n<li> Zabave \/ prireditve niso dovoljene <\/li>\n<p>[\/et_pb_text][et_pb_text admin_label=&#8221;Pomembne informacije&#8221; _builder_version=&#8221;4.16&#8243; text_font=&#8221;|300|||||||&#8221; text_text_color=&#8221;#464646&#8243; header_text_color=&#8221;#d3af5f&#8221; header_2_text_color=&#8221;#d3af5f&#8221; header_2_font_size=&#8221;32px&#8221; header_3_text_color=&#8221;#d3af5f&#8221; custom_margin=&#8221;||0px||false|false&#8221; custom_padding=&#8221;||0px|||&#8221; header_2_font_size_tablet=&#8221;26px&#8221; header_2_font_size_phone=&#8221;&#8221; header_2_font_size_last_edited=&#8221;on|phone&#8221; global_colors_info=&#8221;{}&#8221;]<\/p>\n<h3 style = \"text-align: left;\"> No\u010dni po\u010ditek<\/h3>\n<ul>\n<li> Med 22:00 in 06:00 morajo biti gostje tiho. <\/li>\n<p>[\/et_pb_text][et_pb_text admin_label=&#8221;Pomembne informacije&#8221; _builder_version=&#8221;4.16&#8243; text_font=&#8221;|300|||||||&#8221; text_text_color=&#8221;#464646&#8243; header_text_color=&#8221;#d3af5f&#8221; header_2_text_color=&#8221;#d3af5f&#8221; header_2_font_size=&#8221;32px&#8221; header_3_text_color=&#8221;#d3af5f&#8221; custom_margin=&#8221;||0px||false|false&#8221; custom_padding=&#8221;||0px|||&#8221; header_2_font_size_tablet=&#8221;26px&#8221; header_2_font_size_phone=&#8221;&#8221; header_2_font_size_last_edited=&#8221;on|phone&#8221; global_colors_info=&#8221;{}&#8221;]<\/p>\n<h3 style = \"text-align: left;\"> Hi\u0161ni ljubljen\u010dki <\/h3>\n<ul>\n<li> Hi\u0161ni ljubljen\u010dki niso dovoljeni. <\/li>\n<p>[\/et_pb_text][et_pb_text _builder_version=&#8221;4.16&#8243; text_font=&#8221;|300|||||||&#8221; text_text_color=&#8221;#464646&#8243; header_text_color=&#8221;#d3af5f&#8221; header_2_text_color=&#8221;#d3af5f&#8221; header_2_font_size=&#8221;32px&#8221; header_3_text_color=&#8221;#d3af5f&#8221; custom_margin=&#8221;||0px||false|false&#8221; custom_padding=&#8221;||0px|||&#8221; header_2_font_size_tablet=&#8221;26px&#8221; header_2_font_size_phone=&#8221;&#8221; header_2_font_size_last_edited=&#8221;on|phone&#8221; global_colors_info=&#8221;{}&#8221;]<\/p>\n<h3 style = \"text-align: left;\"> Dodatek <\/h3>\n<ul>\n<li> <strong> Turisti\u010dna taksa: <\/strong> 3,13 \u20ac na dan, 1,56 \u20ac za otroke na dan (ni vklju\u010deno v ceno) <\/li>\n<\/ul>\n<p>[\/et_pb_text][\/et_pb_column][\/et_pb_row][\/et_pb_section][et_pb_section fb_built=&#8221;1&#8243; module_id=&#8221;contact&#8221; _builder_version=&#8221;4.16&#8243; background_color=&#8221;#f1f1f1&#8243; saved_tabs=&#8221;all&#8221; global_colors_info=&#8221;{}&#8221; global_module=&#8221;237428&#8243; theme_builder_area=&#8221;post_content&#8221;][et_pb_row custom_padding_last_edited=&#8221;on|desktop&#8221; _builder_version=&#8221;4.16&#8243; custom_padding=&#8221;27px|100px|27px|100px|false|false&#8221; custom_padding_tablet=&#8221;|0px||0px||true&#8221; custom_padding_phone=&#8221;&#8221; locked=&#8221;off&#8221; global_colors_info=&#8221;{}&#8221; theme_builder_area=&#8221;post_content&#8221;][et_pb_column type=&#8221;4_4&#8243; _builder_version=&#8221;4.16&#8243; custom_padding=&#8221;|||&#8221; global_colors_info=&#8221;{}&#8221; custom_padding__hover=&#8221;|||&#8221; theme_builder_area=&#8221;post_content&#8221;][et_pb_text _builder_version=&#8221;4.16&#8243; text_font=&#8221;|300|||||||&#8221; text_text_color=&#8221;#464646&#8243; header_text_color=&#8221;#d3af5f&#8221; header_2_text_color=&#8221;#d3af5f&#8221; header_2_font_size=&#8221;32px&#8221; header_3_text_color=&#8221;#d3af5f&#8221; custom_padding=&#8221;||15px||false|false&#8221; custom_padding_tablet=&#8221;&#8221; custom_padding_phone=&#8221;||5px||false|false&#8221; custom_padding_last_edited=&#8221;on|phone&#8221; header_2_font_size_tablet=&#8221;26px&#8221; header_2_font_size_phone=&#8221;&#8221; header_2_font_size_last_edited=&#8221;on|phone&#8221; global_colors_info=&#8221;{}&#8221; theme_builder_area=&#8221;post_content&#8221;]<\/p>\n<h2 style=\"text-align: center;\">Kontakt<\/h2>\n<p style=\"text-align: center;\">\n<p>[\/et_pb_text][\/et_pb_column][\/et_pb_row][et_pb_row column_structure=&#8221;1_2,1_2&#8243; _builder_version=&#8221;4.16&#8243; global_colors_info=&#8221;{}&#8221; theme_builder_area=&#8221;post_content&#8221;][et_pb_column type=&#8221;1_2&#8243; _builder_version=&#8221;4.16&#8243; global_colors_info=&#8221;{}&#8221; theme_builder_area=&#8221;post_content&#8221;][et_pb_blurb title=&#8221;Naslov&#8221; use_icon=&#8221;on&#8221; font_icon=&#8221;&#xe009;||divi||400&#8243; image_icon_background_color=&#8221;#282828&#8243; image_icon_width=&#8221;32px&#8221; image_icon_width_tablet=&#8221;32px&#8221; image_icon_width_phone=&#8221;24px&#8221; image_icon_width_last_edited=&#8221;on|phone&#8221; admin_label=&#8221;Address&#8221; _builder_version=&#8221;4.16&#8243; header_font=&#8221;|300|||||||&#8221; header_text_align=&#8221;center&#8221; header_text_color=&#8221;#D3AF5F&#8221; body_font=&#8221;|300|||||||&#8221; body_text_align=&#8221;center&#8221; image_icon_custom_padding=&#8221;25px|25px|25px|25px|false|false&#8221; text_orientation=&#8221;right&#8221; border_radii_image=&#8221;on|100%|100%|100%|100%&#8221; border_width_all_image=&#8221;3px&#8221; border_color_all_image=&#8221;#d3af5f&#8221; icon_font_size=&#8221;32px&#8221; icon_font_size_tablet=&#8221;&#8221; icon_font_size_phone=&#8221;24px&#8221; icon_font_size_last_edited=&#8221;on|phone&#8221; use_circle=&#8221;on&#8221; use_circle_border=&#8221;on&#8221; circle_color=&#8221;#282828&#8243; global_colors_info=&#8221;{}&#8221; image_icon_background_color__sticky_enabled=&#8221;#d3af5f&#8221; image_icon_background_color__sticky=&#8221;#d3af5f&#8221; theme_builder_area=&#8221;post_content&#8221;]<\/p>\n<p><strong>Apartmaji DB Bled<\/strong><br \/> Gradnikova cesta 17<br \/> SI-4260 Bled<br \/> Slovenija<\/p>\n<p>[\/et_pb_blurb][\/et_pb_column][et_pb_column type=&#8221;1_2&#8243; _builder_version=&#8221;4.16&#8243; global_colors_info=&#8221;{}&#8221; theme_builder_area=&#8221;post_content&#8221;][et_pb_blurb title=&#8221;Kontakt&#8221; use_icon=&#8221;on&#8221; font_icon=&#8221;&#xe010;||divi||400&#8243; image_icon_background_color=&#8221;#282828&#8243; image_icon_width=&#8221;32px&#8221; image_icon_width_tablet=&#8221;32px&#8221; image_icon_width_phone=&#8221;24px&#8221; image_icon_width_last_edited=&#8221;on|phone&#8221; admin_label=&#8221;Contact us&#8221; _builder_version=&#8221;4.26.0&#8243; header_font=&#8221;|300|||||||&#8221; header_text_align=&#8221;center&#8221; header_text_color=&#8221;#D3AF5F&#8221; body_font=&#8221;|300|||||||&#8221; body_text_align=&#8221;center&#8221; image_icon_custom_padding=&#8221;25px|25px|25px|25px|false|false&#8221; text_orientation=&#8221;right&#8221; border_radii_image=&#8221;on|100%|100%|100%|100%&#8221; border_width_all_image=&#8221;3px&#8221; border_color_all_image=&#8221;#d3af5f&#8221; icon_font_size=&#8221;32px&#8221; icon_font_size_tablet=&#8221;&#8221; icon_font_size_phone=&#8221;24px&#8221; icon_font_size_last_edited=&#8221;on|phone&#8221; use_circle=&#8221;on&#8221; use_circle_border=&#8221;on&#8221; circle_color=&#8221;#282828&#8243; global_colors_info=&#8221;{}&#8221; image_icon_background_color__sticky_enabled=&#8221;#d3af5f&#8221; image_icon_background_color__sticky=&#8221;#d3af5f&#8221; theme_builder_area=&#8221;post_content&#8221;]<\/p>\n<p><b>Telefon<\/b><br \/>040 559 670<\/p>\n<p><strong>Email<\/strong><br \/>dali@dbstudio.si<\/p>\n<p>[\/et_pb_blurb][\/et_pb_column][\/et_pb_row][\/et_pb_section]<\/p>\n","protected":false},"excerpt":{"rendered":"<p>Apartmaji DB Bled REZERVACIJA Rezervacija Apartma DB Bled obi\u010dajno ni na voljo. Rezervirajte kmalu, preden se proda! Pomembne informacije Prijava: 14:00 &#8211; 20:00 Odjava: 06:00 &#8211; 10:30 Starostna omejitev Najni\u017eja starost za prijavo je 18 Otro\u0161ki pravilniki Otroci, starej\u0161i od 10 let, so dobrodo\u0161li. V tej nastanitvi ni otro\u0161kih posteljic. Dodatna le\u017ei\u0161\u010da v tej nastanitvi niso na voljo. Kajenje Kajenje ni dovoljeno. Zabave Zabave \/ prireditve niso dovoljene No\u010dni po\u010ditek Med 22:00 in 06:00 morajo biti gostje tiho. Hi\u0161ni ljubljen\u010dki Hi\u0161ni ljubljen\u010dki niso dovoljeni. Dodatek Turisti\u010dna taksa: 3,13 \u20ac na dan, 1,56 \u20ac za otroke na dan (ni vklju\u010deno v ceno) Kontakt Apartmaji DB Bled Gradnikova cesta 17 SI-4260 Bled SlovenijaTelefon040 559 670 Emaildali@dbstudio.si<\/p>\n","protected":false},"author":1,"featured_media":69,"parent":0,"menu_order":7,"comment_status":"closed","ping_status":"closed","template":"","meta":{"_et_pb_use_builder":"on","_et_pb_old_content":"","_et_gb_content_width":"","footnotes":""},"class_list":["post-237030","page","type-page","status-publish","has-post-thumbnail","hentry"],"aioseo_notices":[],"_links":{"self":[{"href":"https:\/\/www.db-bled-apartments.si\/sl\/wp-json\/wp\/v2\/pages\/237030"}],"collection":[{"href":"https:\/\/www.db-bled-apartments.si\/sl\/wp-json\/wp\/v2\/pages"}],"about":[{"href":"https:\/\/www.db-bled-apartments.si\/sl\/wp-json\/wp\/v2\/types\/page"}],"author":[{"embeddable":true,"href":"https:\/\/www.db-bled-apartments.si\/sl\/wp-json\/wp\/v2\/users\/1"}],"replies":[{"embeddable":true,"href":"https:\/\/www.db-bled-apartments.si\/sl\/wp-json\/wp\/v2\/comments?post=237030"}],"version-history":[{"count":6,"href":"https:\/\/www.db-bled-apartments.si\/sl\/wp-json\/wp\/v2\/pages\/237030\/revisions"}],"predecessor-version":[{"id":237447,"href":"https:\/\/www.db-bled-apartments.si\/sl\/wp-json\/wp\/v2\/pages\/237030\/revisions\/237447"}],"wp:featuredmedia":[{"embeddable":true,"href":"https:\/\/www.db-bled-apartments.si\/sl\/wp-json\/wp\/v2\/media\/69"}],"wp:attachment":[{"href":"https:\/\/www.db-bled-apartments.si\/sl\/wp-json\/wp\/v2\/media?parent=237030"}],"curies":[{"name":"wp","href":"https:\/\/api.w.org\/{rel}","templated":true}]}}